{"id":4533,"date":"2026-03-06T11:14:04","date_gmt":"2026-03-06T10:14:04","guid":{"rendered":"https:\/\/development.htl-leonding.at\/?page_id=4533"},"modified":"2026-03-06T11:15:59","modified_gmt":"2026-03-06T10:15:59","slug":"impressum","status":"publish","type":"page","link":"https:\/\/www.htl-leonding.at\/en\/impressum\/","title":{"rendered":"Legal Disclosure"},"content":{"rendered":"<p>[et_pb_section fb_built=&#8220;1&#8243; _builder_version=&#8220;4.27.6&#8243; _module_preset=&#8220;default&#8220; background_color_gradient_direction=&#8220;0deg&#8220; background_color_gradient_stops=&#8220;#021422 0%|#03243d 100%&#8220; background_image=&#8220;https:\/\/www.htl-leonding.at\/wp-content\/uploads\/2026\/01\/triMedt3.png&#8220; background_size=&#8220;initial&#8220; hover_enabled=&#8220;0&#8243; global_colors_info=&#8220;{}&#8220; title_text=&#8220;triMedt3&#8243; sticky_enabled=&#8220;0&#8243;][et_pb_row _builder_version=&#8220;4.27.5&#8243; _module_preset=&#8220;default&#8220; custom_margin=&#8220;5vw||||false|false&#8220; global_colors_info=&#8220;{}&#8220;][et_pb_column type=&#8220;4_4&#8243; _builder_version=&#8220;4.27.4&#8243; _module_preset=&#8220;default&#8220; global_colors_info=&#8220;{}&#8220;][et_pb_heading title=&#8220;Impressum&#8220; _builder_version=&#8220;4.27.5&#8243; _module_preset=&#8220;default&#8220; title_font=&#8220;|700|||||||&#8220; title_text_align=&#8220;center&#8220; title_text_color=&#8220;#FFFFFF&#8220; title_font_size=&#8220;3vw&#8220; title_font_size_tablet=&#8220;3vw&#8220; title_font_size_phone=&#8220;6vw&#8220; title_font_size_last_edited=&#8220;on|phone&#8220; global_colors_info=&#8220;{}&#8220;][\/et_pb_heading][\/et_pb_column][\/et_pb_row][et_pb_row _builder_version=&#8220;4.27.5&#8243; _module_preset=&#8220;default&#8220; custom_margin_tablet=&#8220;&#8220; custom_margin_phone=&#8220;0px||0px||false|false&#8220; custom_margin_last_edited=&#8220;on|phone&#8220; custom_padding=&#8220;0px||||false|false&#8220; global_colors_info=&#8220;{}&#8220;][et_pb_column type=&#8220;4_4&#8243; _builder_version=&#8220;4.27.5&#8243; _module_preset=&#8220;default&#8220; global_colors_info=&#8220;{}&#8220;][et_pb_text _builder_version=&#8220;4.27.5&#8243; _module_preset=&#8220;default&#8220; text_font=&#8220;|300|||||||&#8220; text_text_color=&#8220;#FFFFFF&#8220; text_font_size=&#8220;1.1vw&#8220; background_color=&#8220;#004066&#8243; custom_padding=&#8220;2%|2%|2%|2%|false|false&#8220; text_font_size_tablet=&#8220;1.1vw&#8220; text_font_size_phone=&#8220;3.5vw&#8220; text_font_size_last_edited=&#8220;on|phone&#8220; text_line_height_tablet=&#8220;&#8220; text_line_height_phone=&#8220;&#8220; text_line_height_last_edited=&#8220;on|desktop&#8220; custom_css_free_form=&#8220;selector {||  border-radius: 10px;||}&#8220; global_colors_info=&#8220;{}&#8220;]<\/p>\n<div class=\"content-box aos-init aos-animate\" data-aos=\"fade-up\">\n<p>HTBLA Leonding<\/p>\n<p>Limesstra\u00dfe 12-14<\/p>\n<p>A-4060 Leonding<\/p>\n<p>&nbsp;<\/p>\n<p>Tel: (0732) 67 33 68 \u2013 0<\/p>\n<p>E-Mail: office@htl-leonding.ac.at<\/p>\n<p>News Redaktion: redaktion@htl-leonding.ac.at<\/p>\n<p>&nbsp;<\/p>\n<p>Schulkennzahl: 410427<\/p>\n<p>&nbsp;<\/p>\n<p>Internet: <a href=\"https:\/\/www.htl-leonding.at\/\">https:\/\/www.htl-leonding.at\/<\/a><\/p>\n<p>YouTube: <a href=\"https:\/\/www.youtube.com\/user\/HTBLALeonding\">https:\/\/www.youtube.com\/user\/HTBLALeonding<\/a><\/p>\n<p>Facebook: <a href=\"https:\/\/www.facebook.com\/htlleonding\">https:\/\/www.facebook.com\/htlleonding<\/a><\/p>\n<p>Instagram: <a href=\"https:\/\/www.instagram.com\/htlleonding\">https:\/\/www.instagram.com\/htlleonding<\/a><\/p>\n<p>&nbsp;<\/p>\n<p>Direktor: <strong>DI Richard Kainerstorfer<\/strong><\/p>\n<p>Abteilungsvorstand Elektronik, Biomedizin und Gesundheitstechnik: <strong>AV Prof. Dipl.-Ing. Alfred Wiedermann<\/strong><\/p>\n<p>Abteilungsvorstand EDVO \/ Informatik und IT-Medientechnik: <strong>AV DI Peter Bauer<\/strong><\/p>\n<p>Inhaltlich Verantwortlicher:<strong> DI Richard Kainerstorfer<\/strong><\/p>\n<p>Webmaster:<strong> Prof. Mag. Martin Huemer<\/strong><\/p>\n<p>&nbsp;<\/p>\n<p>Layout und Gestaltung der Webpages sind urheberrechtlich gesch\u00fctzt. Gleiches gilt f\u00fcr die inhaltlichen Beitr\u00e4ge. Weiterverwendung und Vervielf\u00e4ltigung sind nur zu privaten Zwecken gestattet, Ver\u00e4nderungen daran d\u00fcrfen nicht vorgenommen werden.<\/p>\n<p>Der Versuch einer geschlechtsneutralen Formulierung erschien uns ebenso wenig praktikabel, wie die Verwendung beider Geschlechtsformen. Daher weisen wir darauf hin, dass sich die Inhalte der Homepage sinngem\u00e4\u00df an beide Geschlechter richtet.<\/p>\n<p>&nbsp;<\/p>\n<p><b>Haftungshinweis:<\/b> Trotz sorgf\u00e4ltiger inhaltlicher Kontrolle \u00fcbernehmen wir keine Haftung f\u00fcr die Inhalte externer Links. F\u00fcr den Inhalt der verlinkten Seiten sind ausschlie\u00dflich deren Betreiber verantwortlich.<\/p>\n<\/div>\n<p>[\/et_pb_text][\/et_pb_column][\/et_pb_row][\/et_pb_section]<\/p>\n","protected":false},"excerpt":{"rendered":"<p>HTBLA Leonding Limesstra\u00dfe 12-14 A-4060 Leonding &nbsp; Tel: (0732) 67 33 68 \u2013 0 E-Mail: office@htl-leonding.ac.at News Redaktion: redaktion@htl-leonding.ac.at &nbsp; Schulkennzahl: 410427 &nbsp; Internet: https:\/\/www.htl-leonding.at\/ YouTube: https:\/\/www.youtube.com\/user\/HTBLALeonding Facebook: https:\/\/www.facebook.com\/htlleonding Instagram: https:\/\/www.instagram.com\/htlleonding &nbsp; Direktor: DI Richard Kainerstorfer Abteilungsvorstand Elektronik, Biomedizin und Gesundheitstechnik: AV Prof. Dipl.-Ing. Alfred Wiedermann Abteilungsvorstand EDVO \/ Informatik und IT-Medientechnik: AV DI Peter [&hellip;]<\/p>\n","protected":false},"author":5,"featured_media":0,"parent":0,"menu_order":0,"comment_status":"closed","ping_status":"closed","template":"","meta":{"_acf_changed":false,"_et_pb_use_builder":"on","_et_pb_old_content":"","_et_gb_content_width":"","footnotes":""},"class_list":["post-4533","page","type-page","status-publish","hentry"],"acf":[],"_links":{"self":[{"href":"https:\/\/www.htl-leonding.at\/en\/wp-json\/wp\/v2\/pages\/4533","targetHints":{"allow":["GET"]}}],"collection":[{"href":"https:\/\/www.htl-leonding.at\/en\/wp-json\/wp\/v2\/pages"}],"about":[{"href":"https:\/\/www.htl-leonding.at\/en\/wp-json\/wp\/v2\/types\/page"}],"author":[{"embeddable":true,"href":"https:\/\/www.htl-leonding.at\/en\/wp-json\/wp\/v2\/users\/5"}],"replies":[{"embeddable":true,"href":"https:\/\/www.htl-leonding.at\/en\/wp-json\/wp\/v2\/comments?post=4533"}],"version-history":[{"count":4,"href":"https:\/\/www.htl-leonding.at\/en\/wp-json\/wp\/v2\/pages\/4533\/revisions"}],"predecessor-version":[{"id":4540,"href":"https:\/\/www.htl-leonding.at\/en\/wp-json\/wp\/v2\/pages\/4533\/revisions\/4540"}],"wp:attachment":[{"href":"https:\/\/www.htl-leonding.at\/en\/wp-json\/wp\/v2\/media?parent=4533"}],"curies":[{"name":"wp","href":"https:\/\/api.w.org\/{rel}","templated":true}]}}